{"id":62295,"date":"2025-07-25T14:20:11","date_gmt":"2025-07-25T14:20:11","guid":{"rendered":"https:\/\/website-staging.girlscodetoo.ch\/?post_type=product&#038;p=62295"},"modified":"2026-03-03T12:04:59","modified_gmt":"2026-03-03T11:04:59","slug":"donations","status":"publish","type":"product","link":"https:\/\/www.girlscodetoo.ch\/de\/produkt\/donations\/","title":{"rendered":"Spenden"},"content":{"rendered":"<p><strong>Gef\u00e4llt dir, was GirlsCodeToo tut und m\u00f6chtest du uns finanziell unterst\u00fctzen?<\/strong><\/p>\n<p>Sei Teil einer Initiative, die Talente und Neugierde f\u00f6rdert, indem sie M\u00e4dchen in die MINT-F\u00e4cher einf\u00fchrt, aufkl\u00e4rt und st\u00e4rkt - und sie dazu inspiriert, akademische oder berufliche M\u00f6glichkeiten in den technischen Bereichen zu erkunden und allen M\u00e4dchen in der Schweiz eine chancengleiche Zukunft zu erm\u00f6glichen.<\/p>\n<p>Mit deiner Spende, egal wie klein oder gro\u00df, kann GirlsCodeToo seine Reichweite auf M\u00e4dchen aus allen Schichten ausdehnen und unseren Lehrplan f\u00fcr alle M\u00e4dchen in der Schweiz zug\u00e4nglich machen.<\/p>","protected":false},"excerpt":{"rendered":"<p>Do you like what GirlsCodeToo does and want to support us financially? Be part of an initiative that encourages sparks of talent and curiosity by introducing, educating, and empowering girls&hellip;<\/p>","protected":false},"featured_media":64946,"comment_status":"closed","ping_status":"closed","template":"","meta":{"content-type":"","_price":"10","_stock":"","_tribe_ticket_header":"","_tribe_default_ticket_provider":"","_tribe_ticket_capacity":"0","_ticket_start_date":"","_ticket_end_date":"","_tribe_ticket_show_description":"","_tribe_ticket_show_not_going":false,"_tribe_ticket_use_global_stock":"","_tribe_ticket_global_stock_level":"","_global_stock_mode":"","_global_stock_cap":"","_tribe_rsvp_for_event":"","_tribe_ticket_going_count":"","_tribe_ticket_not_going_count":"","_tribe_tickets_list":"[]","_tribe_ticket_has_attendee_info_fields":false,"_tec_slr_enabled":"","_tec_slr_layout":""},"product_brand":[],"product_cat":[306],"product_tag":[],"class_list":{"0":"post-62295","1":"product","2":"type-product","3":"status-publish","4":"has-post-thumbnail","6":"product_cat-donations","8":"first","9":"instock","10":"purchasable","11":"product-type-variable"},"_links":{"self":[{"href":"https:\/\/www.girlscodetoo.ch\/de\/wp-json\/wp\/v2\/product\/62295","targetHints":{"allow":["GET"]}}],"collection":[{"href":"https:\/\/www.girlscodetoo.ch\/de\/wp-json\/wp\/v2\/product"}],"about":[{"href":"https:\/\/www.girlscodetoo.ch\/de\/wp-json\/wp\/v2\/types\/product"}],"replies":[{"embeddable":true,"href":"https:\/\/www.girlscodetoo.ch\/de\/wp-json\/wp\/v2\/comments?post=62295"}],"wp:featuredmedia":[{"embeddable":true,"href":"https:\/\/www.girlscodetoo.ch\/de\/wp-json\/wp\/v2\/media\/64946"}],"wp:attachment":[{"href":"https:\/\/www.girlscodetoo.ch\/de\/wp-json\/wp\/v2\/media?parent=62295"}],"wp:term":[{"taxonomy":"product_brand","embeddable":true,"href":"https:\/\/www.girlscodetoo.ch\/de\/wp-json\/wp\/v2\/product_brand?post=62295"},{"taxonomy":"product_cat","embeddable":true,"href":"https:\/\/www.girlscodetoo.ch\/de\/wp-json\/wp\/v2\/product_cat?post=62295"},{"taxonomy":"product_tag","embeddable":true,"href":"https:\/\/www.girlscodetoo.ch\/de\/wp-json\/wp\/v2\/product_tag?post=62295"}],"curies":[{"name":"WP","href":"https:\/\/api.w.org\/{rel}","templated":true}]}}