{"id":62344,"date":"2025-07-25T14:20:59","date_gmt":"2025-07-25T14:20:59","guid":{"rendered":"https:\/\/website-staging.girlscodetoo.ch\/?post_type=product&#038;p=62344"},"modified":"2025-07-25T14:21:18","modified_gmt":"2025-07-25T14:21:18","slug":"digital-discovery-for-girls","status":"publish","type":"product","link":"https:\/\/www.girlscodetoo.ch\/de\/produkt\/digital-discovery-for-girls\/","title":{"rendered":"Digitale Entdeckung f\u00fcr M\u00e4dchen"},"content":{"rendered":"<p><strong>M\u00e4dels, macht mit bei vier spannenden Samstagen und schnuppert in die Programmgestaltung hinein!<\/strong><\/p>\n<p>Mach dich bereit, in die Welt der Programmierung mit Python einzutauchen, einer der coolsten und beliebtesten Programmiersprachen \u00fcberhaupt! Du lernst, wie du deine eigenen Kreationen mit Hilfe von Pixelkunst entwerfen und animieren kannst. Lass deiner Fantasie freien Lauf, w\u00e4hrend du deine Ideen durch Code zum Leben erweckst! \ud83d\udc7e<\/p>\n<p><strong>Informationen<\/strong><\/p>\n<p><span class=\"ui-provider a b c d e f g h i j k l m n o p q r s t u v w x y z ab ac ae af ag ah ai aj ak\" dir=\"ltr\">Verf\u00fcgbare Termine: <\/span><\/p>\n<ul>\n<li><span class=\"ui-provider a b c d e f g h i j k l m n o p q r s t u v w x y z ab ac ae af ag ah ai aj ak\" dir=\"ltr\">Samstage im November 2024: 16., 23., 30. November und 7. Dezember<\/span><\/li>\n<li>Samstage im M\u00e4rz 2025: 1., 8., 15., 22. M\u00e4rz<\/li>\n<li>Samstage im April 2025: 5., 12., 19., 26. April<\/li>\n<li>Samstage im Mai 2025: 3., 10., 17., 24. Mai<\/li>\n<\/ul>\n<p><span class=\"ui-provider a b c d e f g h i j k l m n o p q r s t u v w x y z ab ac ae af ag ah ai aj ak\" dir=\"ltr\">Zeit: 9:30-12:00<\/span><\/p>\n<p><span class=\"ui-provider a b c d e f g h i j k l m n o p q r s t u v w x y z ab ac ae af ag ah ai aj ak\" dir=\"ltr\">Alter: 8-12<\/span><\/p>\n<p><span class=\"ui-provider a b c d e f g h i j k l m n o p q r s t u v w x y z ab ac ae af ag ah ai aj ak\" dir=\"ltr\">Preis: 125 CHF f\u00fcr die vier G\u00e4nge*<\/span><\/p>\n<p><span class=\"ui-provider a b c d e f g h i j k l m n o p q r s t u v w x y z ab ac ae af ag ah ai aj ak\" dir=\"ltr\">Standort: Z\u00fcrich West, noch zu definieren<\/span><\/p>\n<p>Unterrichtssprache: Deutsch (und Englisch, wenn n\u00f6tig)<\/p>\n<p><strong>Programm<\/strong><\/p>\n<p>An vier Samstagvormittagen lernen die Teilnehmer\/innen, was Programmiersprachen sind und warum sie wichtig sind. Dann werden sie mit Schl\u00fcsselkonzepten wie Variablen, Funktionen und Schleifen in Python vertraut gemacht. Mit diesen neuen Kenntnissen werden sie mit den leuchtenden Imagi-Schl\u00fcsselanh\u00e4ngern Pixelkunst erstellen und ihre Entw\u00fcrfe Schritt f\u00fcr Schritt zum Leben erwecken.<\/p>\n<p><img fetchpriority=\"high\" decoding=\"async\" class=\"f-img-loaded\" src=\"https:\/\/imagilabs.com\/cdn\/shop\/files\/Increase_Engagement_1.png?v=1705670862&amp;width=360\" sizes=\"713px\" srcset=\"https:\/\/imagilabs.com\/cdn\/shop\/files\/Increase_Engagement_1.png?v=1705670862&amp;width=165 165w, https:\/\/imagilabs.com\/cdn\/shop\/files\/Increase_Engagement_1.png?v=1705670862&amp;width=360 360w, https:\/\/imagilabs.com\/cdn\/shop\/files\/Increase_Engagement_1.png?v=1705670862&amp;width=533 533w, https:\/\/imagilabs.com\/cdn\/shop\/files\/Increase_Engagement_1.png?v=1705670862&amp;width=720 720w, https:\/\/imagilabs.com\/cdn\/shop\/files\/Increase_Engagement_1.png?v=1705670862&amp;width=940 940w, https:\/\/imagilabs.com\/cdn\/shop\/files\/Increase_Engagement_1.png?v=1705670862&amp;width=1066 1066w, https:\/\/imagilabs.com\/cdn\/shop\/files\/Increase_Engagement_1.png?v=1705670862 1287w\" alt=\"\" width=\"411\" height=\"411\" \/><\/p>\n<p><em>Bild von: https:\/\/imagilabs.com\/pages\/schools<\/em><\/p>\n<p>*Stipendien sind \u00fcber GirlsCodeToo erh\u00e4ltlich. F\u00fcr weitere Informationen z\u00f6gere nicht, uns zu kontaktieren <a href=\"mailto:david@girlscodetoo.ch\">david@girlscodetoo.ch<\/a>.<\/p>","protected":false},"excerpt":{"rendered":"<p>Girls, join us for four exciting Saturdays and get your first taste of programming! Get ready to dive into the world of programming with Python, one of the coolest and&hellip;<\/p>","protected":false},"featured_media":62354,"comment_status":"closed","ping_status":"closed","template":"","meta":{"content-type":"","_price":"125","_stock":"","_tribe_ticket_header":"","_tribe_default_ticket_provider":"","_tribe_ticket_capacity":"0","_ticket_start_date":"","_ticket_end_date":"","_tribe_ticket_show_description":"","_tribe_ticket_show_not_going":false,"_tribe_ticket_use_global_stock":"","_tribe_ticket_global_stock_level":"","_global_stock_mode":"","_global_stock_cap":"","_tribe_rsvp_for_event":"","_tribe_ticket_going_count":"","_tribe_ticket_not_going_count":"","_tribe_tickets_list":"[]","_tribe_ticket_has_attendee_info_fields":false,"_tec_slr_enabled":"","_tec_slr_layout":""},"product_brand":[],"product_cat":[308],"product_tag":[],"class_list":{"0":"post-62344","1":"product","2":"type-product","3":"status-publish","4":"has-post-thumbnail","6":"product_cat-special-events","8":"first","9":"instock","10":"taxable","11":"shipping-taxable","12":"purchasable","13":"product-type-variable"},"_links":{"self":[{"href":"https:\/\/www.girlscodetoo.ch\/de\/wp-json\/wp\/v2\/product\/62344","targetHints":{"allow":["GET"]}}],"collection":[{"href":"https:\/\/www.girlscodetoo.ch\/de\/wp-json\/wp\/v2\/product"}],"about":[{"href":"https:\/\/www.girlscodetoo.ch\/de\/wp-json\/wp\/v2\/types\/product"}],"replies":[{"embeddable":true,"href":"https:\/\/www.girlscodetoo.ch\/de\/wp-json\/wp\/v2\/comments?post=62344"}],"wp:featuredmedia":[{"embeddable":true,"href":"https:\/\/www.girlscodetoo.ch\/de\/wp-json\/wp\/v2\/media\/62354"}],"wp:attachment":[{"href":"https:\/\/www.girlscodetoo.ch\/de\/wp-json\/wp\/v2\/media?parent=62344"}],"wp:term":[{"taxonomy":"product_brand","embeddable":true,"href":"https:\/\/www.girlscodetoo.ch\/de\/wp-json\/wp\/v2\/product_brand?post=62344"},{"taxonomy":"product_cat","embeddable":true,"href":"https:\/\/www.girlscodetoo.ch\/de\/wp-json\/wp\/v2\/product_cat?post=62344"},{"taxonomy":"product_tag","embeddable":true,"href":"https:\/\/www.girlscodetoo.ch\/de\/wp-json\/wp\/v2\/product_tag?post=62344"}],"curies":[{"name":"WP","href":"https:\/\/api.w.org\/{rel}","templated":true}]}}