{"id":62349,"date":"2025-07-25T14:20:59","date_gmt":"2025-07-25T14:20:59","guid":{"rendered":"https:\/\/website-staging.girlscodetoo.ch\/?post_type=product&#038;p=62349"},"modified":"2025-07-25T14:21:20","modified_gmt":"2025-07-25T14:21:20","slug":"technology-workshops-for-girls","status":"publish","type":"product","link":"https:\/\/www.girlscodetoo.ch\/de\/produkt\/technology-workshops-for-girls\/","title":{"rendered":"Technologie-Workshops f\u00fcr M\u00e4dchen"},"content":{"rendered":"<p><strong>M\u00e4dchen, komm an vier spannenden Samstagen zu uns und schnuppere in Technik und Programmierung hinein!<\/strong><\/p>\n<p>Mach dich bereit, in die Welt der Programmierung mit Python einzutauchen, einer der coolsten und beliebtesten Programmiersprachen! Du lernst, wie du deinen eigenen Lego-Roboter baust und ihn so programmierst, dass er sich bewegt und spannende Aufgaben erf\u00fcllt. Entfessle deine Kreativit\u00e4t und beobachte, wie dein Roboter zum Leben erwacht! \ud83d\udc7e<\/p>\n<p><strong>Informationen<\/strong><\/p>\n<p><span class=\"ui-provider a b c d e f g h i j k l m n o p q r s t u v w x y z ab ac ae af ag ah ai aj ak\" dir=\"ltr\">Verf\u00fcgbare Termine: <\/span><\/p>\n<ul>\n<li><span class=\"ui-provider a b c d e f g h i j k l m n o p q r s t u v w x y z ab ac ae af ag ah ai aj ak\" dir=\"ltr\">Samstage im November 2024: 16., 23., 30. November und 7. Dezember<\/span><\/li>\n<li>Samstage im M\u00e4rz 2025: 1., 8., 15., 22. M\u00e4rz<\/li>\n<li>Samstage im April 2025: 5., 12., 19., 26. April<\/li>\n<li>Samstage im Mai 2025: 3., 10., 17., 24. Mai<\/li>\n<\/ul>\n<p><span class=\"ui-provider a b c d e f g h i j k l m n o p q r s t u v w x y z ab ac ae af ag ah ai aj ak\" dir=\"ltr\">Zeit: 9:30-12:00<\/span><\/p>\n<p><span class=\"ui-provider a b c d e f g h i j k l m n o p q r s t u v w x y z ab ac ae af ag ah ai aj ak\" dir=\"ltr\">Alter: 12-15<\/span><\/p>\n<p><span class=\"ui-provider a b c d e f g h i j k l m n o p q r s t u v w x y z ab ac ae af ag ah ai aj ak\" dir=\"ltr\">Preis: 125 CHF f\u00fcr die vier G\u00e4nge*<\/span><\/p>\n<p><span class=\"ui-provider a b c d e f g h i j k l m n o p q r s t u v w x y z ab ac ae af ag ah ai aj ak\" dir=\"ltr\">Standort: Z\u00fcrich West, noch zu definieren<\/span><\/p>\n<p>Unterrichtssprache: Deutsch (und Englisch, wenn n\u00f6tig)<\/p>\n<p><strong>Programm<\/strong><\/p>\n<p>An vier Samstagvormittagen erfahren die Teilnehmer\/innen, was Programmiersprachen sind, warum sie wichtig sind und welche spannenden M\u00f6glichkeiten sie bieten. Sie werden mit grundlegenden Konzepten wie Variablen, Funktionen und Schleifen in Python vertraut gemacht. Mit Lego Spike bauen sie ihre eigenen Roboter, wie z. B. einen Breakdancer, einen Tresor oder Mini-Fahrzeuge, und lernen, wie man sie so programmiert, dass sie sich bewegen und lustige Aufgaben erf\u00fcllen.<\/p>\n<p><img class=\"\" \/><\/p>\n<p>*Stipendien sind \u00fcber GirlsCodeToo erh\u00e4ltlich. F\u00fcr weitere Informationen z\u00f6gere nicht, uns zu kontaktieren <a href=\"mailto:david@girlscodetoo.ch\">david@girlscodetoo.ch<\/a>.<\/p>","protected":false},"excerpt":{"rendered":"<p>Girls, join us for four exciting Saturdays and get a taste of technology and programming! Get ready to dive into the world of programming with Python, one of the coolest&hellip;<\/p>","protected":false},"featured_media":62355,"comment_status":"closed","ping_status":"closed","template":"","meta":{"content-type":"","_price":"125","_stock":"","_tribe_ticket_header":"","_tribe_default_ticket_provider":"","_tribe_ticket_capacity":"0","_ticket_start_date":"","_ticket_end_date":"","_tribe_ticket_show_description":"","_tribe_ticket_show_not_going":false,"_tribe_ticket_use_global_stock":"","_tribe_ticket_global_stock_level":"","_global_stock_mode":"","_global_stock_cap":"","_tribe_rsvp_for_event":"","_tribe_ticket_going_count":"","_tribe_ticket_not_going_count":"","_tribe_tickets_list":"[]","_tribe_ticket_has_attendee_info_fields":false,"_tec_slr_enabled":"","_tec_slr_layout":""},"product_brand":[],"product_cat":[312],"product_tag":[],"class_list":{"0":"post-62349","1":"product","2":"type-product","3":"status-publish","4":"has-post-thumbnail","6":"product_cat-technology-workshops","8":"first","9":"instock","10":"taxable","11":"shipping-taxable","12":"purchasable","13":"product-type-variable"},"_links":{"self":[{"href":"https:\/\/www.girlscodetoo.ch\/de\/wp-json\/wp\/v2\/product\/62349","targetHints":{"allow":["GET"]}}],"collection":[{"href":"https:\/\/www.girlscodetoo.ch\/de\/wp-json\/wp\/v2\/product"}],"about":[{"href":"https:\/\/www.girlscodetoo.ch\/de\/wp-json\/wp\/v2\/types\/product"}],"replies":[{"embeddable":true,"href":"https:\/\/www.girlscodetoo.ch\/de\/wp-json\/wp\/v2\/comments?post=62349"}],"wp:featuredmedia":[{"embeddable":true,"href":"https:\/\/www.girlscodetoo.ch\/de\/wp-json\/wp\/v2\/media\/62355"}],"wp:attachment":[{"href":"https:\/\/www.girlscodetoo.ch\/de\/wp-json\/wp\/v2\/media?parent=62349"}],"wp:term":[{"taxonomy":"product_brand","embeddable":true,"href":"https:\/\/www.girlscodetoo.ch\/de\/wp-json\/wp\/v2\/product_brand?post=62349"},{"taxonomy":"product_cat","embeddable":true,"href":"https:\/\/www.girlscodetoo.ch\/de\/wp-json\/wp\/v2\/product_cat?post=62349"},{"taxonomy":"product_tag","embeddable":true,"href":"https:\/\/www.girlscodetoo.ch\/de\/wp-json\/wp\/v2\/product_tag?post=62349"}],"curies":[{"name":"WP","href":"https:\/\/api.w.org\/{rel}","templated":true}]}}