{"id":62344,"date":"2025-07-25T14:20:59","date_gmt":"2025-07-25T14:20:59","guid":{"rendered":"https:\/\/website-staging.girlscodetoo.ch\/?post_type=product&#038;p=62344"},"modified":"2025-07-25T14:21:18","modified_gmt":"2025-07-25T14:21:18","slug":"digital-discovery-for-girls","status":"publish","type":"product","link":"https:\/\/www.girlscodetoo.ch\/fr\/produit\/digital-discovery-for-girls\/","title":{"rendered":"D\u00e9couverte num\u00e9rique pour les filles"},"content":{"rendered":"<p><strong>Les filles, rejoignez-nous pour quatre samedis passionnants et faites vos premi\u00e8res armes dans la programmation !<\/strong><\/p>\n<p>Pr\u00e9pare-toi \u00e0 plonger dans le monde de la programmation avec Python, l'un des langages de codage les plus cool et les plus populaires qui soient ! Tu apprendras \u00e0 concevoir et \u00e0 animer tes propres cr\u00e9ations en utilisant le pixel art. Laisse libre cours \u00e0 ton imagination en donnant vie \u00e0 tes id\u00e9es gr\u00e2ce au code ! \ud83d\udc7e<\/p>\n<p><strong>Informations<\/strong><\/p>\n<p><span class=\"ui-provider a b c d e f g h i j k l m n o p q r s t u v w x y z ab ac ae af ag ah ai aj ak\" dir=\"ltr\">Dates disponibles : <\/span><\/p>\n<ul>\n<li><span class=\"ui-provider a b c d e f g h i j k l m n o p q r s t u v w x y z ab ac ae af ag ah ai aj ak\" dir=\"ltr\">Les samedis du mois de novembre 2024 : 16, 23, 30 novembre et 7 d\u00e9cembre.<\/span><\/li>\n<li>Les samedis de mars 2025 : 1er, 8, 15, 22 mars<\/li>\n<li>Les samedis d'avril 2025 : 5, 12, 19, 26 avril<\/li>\n<li>Les samedis de mai 2025 : 3, 10, 17, 24 mai<\/li>\n<\/ul>\n<p><span class=\"ui-provider a b c d e f g h i j k l m n o p q r s t u v w x y z ab ac ae af ag ah ai aj ak\" dir=\"ltr\">Heure : 9:30-12:00<\/span><\/p>\n<p><span class=\"ui-provider a b c d e f g h i j k l m n o p q r s t u v w x y z ab ac ae af ag ah ai aj ak\" dir=\"ltr\">\u00c2ge : 8-12 ans<\/span><\/p>\n<p><span class=\"ui-provider a b c d e f g h i j k l m n o p q r s t u v w x y z ab ac ae af ag ah ai aj ak\" dir=\"ltr\">Prix : 125 CHF pour les quatre plats*<\/span><\/p>\n<p><span class=\"ui-provider a b c d e f g h i j k l m n o p q r s t u v w x y z ab ac ae af ag ah ai aj ak\" dir=\"ltr\">Lieu : Zurich West, \u00e0 d\u00e9finir<\/span><\/p>\n<p>Langue d'enseignement : Allemand (et anglais si n\u00e9cessaire)<\/p>\n<p><strong>Programme<\/strong><\/p>\n<p>Au cours de quatre samedis matin, les participants apprendront ce que sont les langages de codage et pourquoi ils sont importants. Ils seront ensuite initi\u00e9s \u00e0 des concepts cl\u00e9s tels que les variables, les fonctions et les boucles en Python. \u00c0 l'aide de ces nouvelles comp\u00e9tences, ils cr\u00e9eront du pixel art avec les porte-cl\u00e9s lumineux Imagi, en donnant vie \u00e0 leurs cr\u00e9ations \u00e9tape par \u00e9tape.<\/p>\n<p><img fetchpriority=\"high\" decoding=\"async\" class=\"f-img-loaded\" src=\"https:\/\/imagilabs.com\/cdn\/shop\/files\/Increase_Engagement_1.png?v=1705670862&amp;width=360\" sizes=\"713px\" srcset=\"https:\/\/imagilabs.com\/cdn\/shop\/files\/Increase_Engagement_1.png?v=1705670862&amp;width=165 165w, https:\/\/imagilabs.com\/cdn\/shop\/files\/Increase_Engagement_1.png?v=1705670862&amp;width=360 360w, https:\/\/imagilabs.com\/cdn\/shop\/files\/Increase_Engagement_1.png?v=1705670862&amp;width=533 533w, https:\/\/imagilabs.com\/cdn\/shop\/files\/Increase_Engagement_1.png?v=1705670862&amp;width=720 720w, https:\/\/imagilabs.com\/cdn\/shop\/files\/Increase_Engagement_1.png?v=1705670862&amp;width=940 940w, https:\/\/imagilabs.com\/cdn\/shop\/files\/Increase_Engagement_1.png?v=1705670862&amp;width=1066 1066w, https:\/\/imagilabs.com\/cdn\/shop\/files\/Increase_Engagement_1.png?v=1705670862 1287w\" alt=\"\" width=\"411\" height=\"411\" \/><\/p>\n<p><em>Image de : https:\/\/imagilabs.com\/pages\/schools<\/em><\/p>\n<p>*Les bourses d'\u00e9tudes sont disponibles par l'interm\u00e9diaire de GirlsCodeToo. Pour plus d'informations, n'h\u00e9site pas \u00e0 contacter <a href=\"mailto:david@girlscodetoo.ch\">david@girlscodetoo.ch<\/a>.<\/p>","protected":false},"excerpt":{"rendered":"<p>Girls, join us for four exciting Saturdays and get your first taste of programming! Get ready to dive into the world of programming with Python, one of the coolest and&hellip;<\/p>","protected":false},"featured_media":62354,"comment_status":"closed","ping_status":"closed","template":"","meta":{"content-type":"","_price":"125","_stock":"","_tribe_ticket_header":"","_tribe_default_ticket_provider":"","_tribe_ticket_capacity":"0","_ticket_start_date":"","_ticket_end_date":"","_tribe_ticket_show_description":"","_tribe_ticket_show_not_going":false,"_tribe_ticket_use_global_stock":"","_tribe_ticket_global_stock_level":"","_global_stock_mode":"","_global_stock_cap":"","_tribe_rsvp_for_event":"","_tribe_ticket_going_count":"","_tribe_ticket_not_going_count":"","_tribe_tickets_list":"[]","_tribe_ticket_has_attendee_info_fields":false,"_tec_slr_enabled":"","_tec_slr_layout":""},"product_brand":[],"product_cat":[308],"product_tag":[],"class_list":{"0":"post-62344","1":"product","2":"type-product","3":"status-publish","4":"has-post-thumbnail","6":"product_cat-special-events","8":"first","9":"instock","10":"taxable","11":"shipping-taxable","12":"purchasable","13":"product-type-variable"},"_links":{"self":[{"href":"https:\/\/www.girlscodetoo.ch\/fr\/wp-json\/wp\/v2\/product\/62344","targetHints":{"allow":["GET"]}}],"collection":[{"href":"https:\/\/www.girlscodetoo.ch\/fr\/wp-json\/wp\/v2\/product"}],"about":[{"href":"https:\/\/www.girlscodetoo.ch\/fr\/wp-json\/wp\/v2\/types\/product"}],"replies":[{"embeddable":true,"href":"https:\/\/www.girlscodetoo.ch\/fr\/wp-json\/wp\/v2\/comments?post=62344"}],"wp:featuredmedia":[{"embeddable":true,"href":"https:\/\/www.girlscodetoo.ch\/fr\/wp-json\/wp\/v2\/media\/62354"}],"wp:attachment":[{"href":"https:\/\/www.girlscodetoo.ch\/fr\/wp-json\/wp\/v2\/media?parent=62344"}],"wp:term":[{"taxonomy":"product_brand","embeddable":true,"href":"https:\/\/www.girlscodetoo.ch\/fr\/wp-json\/wp\/v2\/product_brand?post=62344"},{"taxonomy":"product_cat","embeddable":true,"href":"https:\/\/www.girlscodetoo.ch\/fr\/wp-json\/wp\/v2\/product_cat?post=62344"},{"taxonomy":"product_tag","embeddable":true,"href":"https:\/\/www.girlscodetoo.ch\/fr\/wp-json\/wp\/v2\/product_tag?post=62344"}],"curies":[{"name":"Quoi de neuf","href":"https:\/\/api.w.org\/{rel}","templated":true}]}}