{"id":62349,"date":"2025-07-25T14:20:59","date_gmt":"2025-07-25T14:20:59","guid":{"rendered":"https:\/\/website-staging.girlscodetoo.ch\/?post_type=product&#038;p=62349"},"modified":"2025-07-25T14:21:20","modified_gmt":"2025-07-25T14:21:20","slug":"technology-workshops-for-girls","status":"publish","type":"product","link":"https:\/\/www.girlscodetoo.ch\/fr\/produit\/technology-workshops-for-girls\/","title":{"rendered":"Ateliers de technologie pour les filles"},"content":{"rendered":"<p><strong>Les filles, rejoignez-nous pour quatre samedis passionnants et go\u00fbtez \u00e0 la technologie et \u00e0 la programmation !<\/strong><\/p>\n<p>Pr\u00e9pare-toi \u00e0 plonger dans le monde de la programmation avec Python, l'un des langages de codage les plus cool et les plus populaires ! Tu apprendras \u00e0 construire ton propre robot Lego et \u00e0 le programmer pour qu'il se d\u00e9place et effectue des t\u00e2ches passionnantes. Lib\u00e8re ta cr\u00e9ativit\u00e9 et regarde ton robot prendre vie ! \ud83d\udc7e<\/p>\n<p><strong>Informations<\/strong><\/p>\n<p><span class=\"ui-provider a b c d e f g h i j k l m n o p q r s t u v w x y z ab ac ae af ag ah ai aj ak\" dir=\"ltr\">Dates disponibles : <\/span><\/p>\n<ul>\n<li><span class=\"ui-provider a b c d e f g h i j k l m n o p q r s t u v w x y z ab ac ae af ag ah ai aj ak\" dir=\"ltr\">Les samedis du mois de novembre 2024 : 16, 23, 30 novembre et 7 d\u00e9cembre.<\/span><\/li>\n<li>Les samedis de mars 2025 : 1er, 8, 15, 22 mars<\/li>\n<li>Les samedis d'avril 2025 : 5, 12, 19, 26 avril<\/li>\n<li>Les samedis de mai 2025 : 3, 10, 17, 24 mai<\/li>\n<\/ul>\n<p><span class=\"ui-provider a b c d e f g h i j k l m n o p q r s t u v w x y z ab ac ae af ag ah ai aj ak\" dir=\"ltr\">Heure : 9:30-12:00<\/span><\/p>\n<p><span class=\"ui-provider a b c d e f g h i j k l m n o p q r s t u v w x y z ab ac ae af ag ah ai aj ak\" dir=\"ltr\">\u00c2ge : 12-15 ans<\/span><\/p>\n<p><span class=\"ui-provider a b c d e f g h i j k l m n o p q r s t u v w x y z ab ac ae af ag ah ai aj ak\" dir=\"ltr\">Prix : 125 CHF pour les quatre plats*<\/span><\/p>\n<p><span class=\"ui-provider a b c d e f g h i j k l m n o p q r s t u v w x y z ab ac ae af ag ah ai aj ak\" dir=\"ltr\">Lieu : Zurich West, \u00e0 d\u00e9finir<\/span><\/p>\n<p>Langue d'enseignement : Allemand (et anglais si n\u00e9cessaire)<\/p>\n<p><strong>Programme<\/strong><\/p>\n<p>Au cours de quatre samedis matin, les participants d\u00e9couvriront ce que sont les langages de codage, pourquoi ils sont importants et les possibilit\u00e9s passionnantes qu'ils offrent. Ils seront initi\u00e9s \u00e0 des concepts essentiels tels que les variables, les fonctions et les boucles en Python. \u00c0 l'aide de Lego Spike, ils construiront leurs propres robots - tels qu'un break-dancer, un coffre-fort ou des mini-v\u00e9hicules - et apprendront \u00e0 les programmer pour qu'ils se d\u00e9placent et ex\u00e9cutent des t\u00e2ches amusantes.<\/p>\n<p><img class=\"\" \/><\/p>\n<p>*Les bourses d'\u00e9tudes sont disponibles par l'interm\u00e9diaire de GirlsCodeToo. Pour plus d'informations, n'h\u00e9site pas \u00e0 contacter <a href=\"mailto:david@girlscodetoo.ch\">david@girlscodetoo.ch<\/a>.<\/p>","protected":false},"excerpt":{"rendered":"<p>Girls, join us for four exciting Saturdays and get a taste of technology and programming! Get ready to dive into the world of programming with Python, one of the coolest&hellip;<\/p>","protected":false},"featured_media":62355,"comment_status":"closed","ping_status":"closed","template":"","meta":{"content-type":"","_price":"125","_stock":"","_tribe_ticket_header":"","_tribe_default_ticket_provider":"","_tribe_ticket_capacity":"0","_ticket_start_date":"","_ticket_end_date":"","_tribe_ticket_show_description":"","_tribe_ticket_show_not_going":false,"_tribe_ticket_use_global_stock":"","_tribe_ticket_global_stock_level":"","_global_stock_mode":"","_global_stock_cap":"","_tribe_rsvp_for_event":"","_tribe_ticket_going_count":"","_tribe_ticket_not_going_count":"","_tribe_tickets_list":"[]","_tribe_ticket_has_attendee_info_fields":false,"_tec_slr_enabled":"","_tec_slr_layout":""},"product_brand":[],"product_cat":[312],"product_tag":[],"class_list":{"0":"post-62349","1":"product","2":"type-product","3":"status-publish","4":"has-post-thumbnail","6":"product_cat-technology-workshops","8":"first","9":"instock","10":"taxable","11":"shipping-taxable","12":"purchasable","13":"product-type-variable"},"_links":{"self":[{"href":"https:\/\/www.girlscodetoo.ch\/fr\/wp-json\/wp\/v2\/product\/62349","targetHints":{"allow":["GET"]}}],"collection":[{"href":"https:\/\/www.girlscodetoo.ch\/fr\/wp-json\/wp\/v2\/product"}],"about":[{"href":"https:\/\/www.girlscodetoo.ch\/fr\/wp-json\/wp\/v2\/types\/product"}],"replies":[{"embeddable":true,"href":"https:\/\/www.girlscodetoo.ch\/fr\/wp-json\/wp\/v2\/comments?post=62349"}],"wp:featuredmedia":[{"embeddable":true,"href":"https:\/\/www.girlscodetoo.ch\/fr\/wp-json\/wp\/v2\/media\/62355"}],"wp:attachment":[{"href":"https:\/\/www.girlscodetoo.ch\/fr\/wp-json\/wp\/v2\/media?parent=62349"}],"wp:term":[{"taxonomy":"product_brand","embeddable":true,"href":"https:\/\/www.girlscodetoo.ch\/fr\/wp-json\/wp\/v2\/product_brand?post=62349"},{"taxonomy":"product_cat","embeddable":true,"href":"https:\/\/www.girlscodetoo.ch\/fr\/wp-json\/wp\/v2\/product_cat?post=62349"},{"taxonomy":"product_tag","embeddable":true,"href":"https:\/\/www.girlscodetoo.ch\/fr\/wp-json\/wp\/v2\/product_tag?post=62349"}],"curies":[{"name":"Quoi de neuf","href":"https:\/\/api.w.org\/{rel}","templated":true}]}}