{"id":62349,"date":"2025-07-25T14:20:59","date_gmt":"2025-07-25T14:20:59","guid":{"rendered":"https:\/\/website-staging.girlscodetoo.ch\/?post_type=product&#038;p=62349"},"modified":"2025-07-25T14:21:20","modified_gmt":"2025-07-25T14:21:20","slug":"technology-workshops-for-girls","status":"publish","type":"product","link":"https:\/\/www.girlscodetoo.ch\/it\/prodotto\/technology-workshops-for-girls\/","title":{"rendered":"Laboratori di tecnologia per ragazze"},"content":{"rendered":"<p><strong>Ragazze, unitevi a noi per quattro entusiasmanti sabati e provate la tecnologia e la programmazione!<\/strong><\/p>\n<p>Si prepari a tuffarsi nel mondo della programmazione con Python, uno dei linguaggi di codifica pi\u00f9 popolari e pi\u00f9 cool! Imparer\u00e0 a costruire il suo robot Lego personale e a programmarlo per muoversi ed eseguire compiti emozionanti. Scateni la sua creativit\u00e0 e guardi il suo robot prendere vita! \ud83d\udc7e<\/p>\n<p><strong>Informazioni<\/strong><\/p>\n<p><span class=\"ui-provider a b c d e f g h i j k l m n o p q r s t u v w x y z ab ac ae af ag ah ai aj ak\" dir=\"ltr\">Date disponibili: <\/span><\/p>\n<ul>\n<li><span class=\"ui-provider a b c d e f g h i j k l m n o p q r s t u v w x y z ab ac ae af ag ah ai aj ak\" dir=\"ltr\">Sabati di novembre 2024: 16, 23, 30 novembre e 7 dicembre<\/span><\/li>\n<li>Sabati di marzo 2025: 1, 8, 15, 22 marzo<\/li>\n<li>Sabati di aprile 2025: 5, 12, 19, 26 aprile<\/li>\n<li>I sabati di maggio 2025: 3, 10, 17 e 24 maggio<\/li>\n<\/ul>\n<p><span class=\"ui-provider a b c d e f g h i j k l m n o p q r s t u v w x y z ab ac ae af ag ah ai aj ak\" dir=\"ltr\">Orario: 9:30-12:00<\/span><\/p>\n<p><span class=\"ui-provider a b c d e f g h i j k l m n o p q r s t u v w x y z ab ac ae af ag ah ai aj ak\" dir=\"ltr\">Et\u00e0: 12-15 anni<\/span><\/p>\n<p><span class=\"ui-provider a b c d e f g h i j k l m n o p q r s t u v w x y z ab ac ae af ag ah ai aj ak\" dir=\"ltr\">Prezzo: 125 CHF per le quattro portate*<\/span><\/p>\n<p><span class=\"ui-provider a b c d e f g h i j k l m n o p q r s t u v w x y z ab ac ae af ag ah ai aj ak\" dir=\"ltr\">Posizione: Zurigo Ovest, da definire<\/span><\/p>\n<p>Lingua di insegnamento: Tedesco (e inglese, se necessario)<\/p>\n<p><strong>Programma<\/strong><\/p>\n<p>Nel corso di quattro sabati mattina, i partecipanti scopriranno cosa sono i linguaggi di codifica, perch\u00e9 sono importanti e le entusiasmanti possibilit\u00e0 che offrono. Saranno introdotti a concetti essenziali come variabili, funzioni e loop in Python. Utilizzando Lego Spike, costruiranno i loro robot - come una ballerina di break-dance, una cassaforte o dei mini veicoli - e impareranno a programmarli per muoversi e svolgere compiti divertenti.<\/p>\n<p><img class=\"\" \/><\/p>\n<p>*Le borse di studio sono disponibili tramite GirlsCodeToo. Per maggiori informazioni, non esiti a contattare <a href=\"mailto:david@girlscodetoo.ch\">david@girlscodetoo.ch<\/a>.<\/p>","protected":false},"excerpt":{"rendered":"<p>Girls, join us for four exciting Saturdays and get a taste of technology and programming! Get ready to dive into the world of programming with Python, one of the coolest&hellip;<\/p>","protected":false},"featured_media":62355,"comment_status":"closed","ping_status":"closed","template":"","meta":{"content-type":"","_price":"125","_stock":"","_tribe_ticket_header":"","_tribe_default_ticket_provider":"","_tribe_ticket_capacity":"0","_ticket_start_date":"","_ticket_end_date":"","_tribe_ticket_show_description":"","_tribe_ticket_show_not_going":false,"_tribe_ticket_use_global_stock":"","_tribe_ticket_global_stock_level":"","_global_stock_mode":"","_global_stock_cap":"","_tribe_rsvp_for_event":"","_tribe_ticket_going_count":"","_tribe_ticket_not_going_count":"","_tribe_tickets_list":"[]","_tribe_ticket_has_attendee_info_fields":false,"_tec_slr_enabled":"","_tec_slr_layout":""},"product_brand":[],"product_cat":[312],"product_tag":[],"class_list":{"0":"post-62349","1":"product","2":"type-product","3":"status-publish","4":"has-post-thumbnail","6":"product_cat-technology-workshops","8":"first","9":"instock","10":"taxable","11":"shipping-taxable","12":"purchasable","13":"product-type-variable"},"_links":{"self":[{"href":"https:\/\/www.girlscodetoo.ch\/it\/wp-json\/wp\/v2\/product\/62349","targetHints":{"allow":["GET"]}}],"collection":[{"href":"https:\/\/www.girlscodetoo.ch\/it\/wp-json\/wp\/v2\/product"}],"about":[{"href":"https:\/\/www.girlscodetoo.ch\/it\/wp-json\/wp\/v2\/types\/product"}],"replies":[{"embeddable":true,"href":"https:\/\/www.girlscodetoo.ch\/it\/wp-json\/wp\/v2\/comments?post=62349"}],"wp:featuredmedia":[{"embeddable":true,"href":"https:\/\/www.girlscodetoo.ch\/it\/wp-json\/wp\/v2\/media\/62355"}],"wp:attachment":[{"href":"https:\/\/www.girlscodetoo.ch\/it\/wp-json\/wp\/v2\/media?parent=62349"}],"wp:term":[{"taxonomy":"product_brand","embeddable":true,"href":"https:\/\/www.girlscodetoo.ch\/it\/wp-json\/wp\/v2\/product_brand?post=62349"},{"taxonomy":"product_cat","embeddable":true,"href":"https:\/\/www.girlscodetoo.ch\/it\/wp-json\/wp\/v2\/product_cat?post=62349"},{"taxonomy":"product_tag","embeddable":true,"href":"https:\/\/www.girlscodetoo.ch\/it\/wp-json\/wp\/v2\/product_tag?post=62349"}],"curies":[{"name":"wp","href":"https:\/\/api.w.org\/{rel}","templated":true}]}}